{"id":7,"date":"2025-12-24T00:17:28","date_gmt":"2025-12-24T00:17:28","guid":{"rendered":"https:\/\/giaohn.vn\/?page_id=7"},"modified":"2025-12-24T00:17:28","modified_gmt":"2025-12-24T00:17:28","slug":"ve-chung-toi","status":"publish","type":"page","link":"https:\/\/giaohn.vn\/?page_id=7","title":{"rendered":"V\u1ec1 ch\u00fang t\u00f4i"},"content":{"rendered":"\n<p class=\"has-vivid-purple-background-color has-background\">\u0110\u00e2y l\u00e0 m\u1ed9t trang th\u00f4ng tin chi s\u1ebd \u0111\u1ebfn nh\u1eefng ai y\u00eau th\u00edch \u1ea9m th\u1ef1c du l\u1ecbch v\u00e0 kh\u1edfi nghi\u1ec7p v\u1edbi c\u00f4ng vi\u1ec7c kinh doanh trong l\u0129nh v\u1ef1c nh\u00e0 h\u00e0ng \u0103n u\u1ed1ng. <\/p>\n","protected":false},"excerpt":{"rendered":"<p>\u0110\u00e2y l\u00e0 m\u1ed9t trang th\u00f4ng tin chi s\u1ebd \u0111\u1ebfn nh\u1eefng ai y\u00eau th\u00edch \u1ea9m th\u1ef1c du l\u1ecbch v\u00e0 kh\u1edfi nghi\u1ec7p v\u1edbi c\u00f4ng vi\u1ec7c kinh doanh trong l\u0129nh v\u1ef1c nh\u00e0 h\u00e0ng \u0103n u\u1ed1ng.<\/p>\n","protected":false},"author":1,"featured_media":0,"parent":0,"menu_order":0,"comment_status":"closed","ping_status":"closed","template":"","meta":{"footnotes":""},"class_list":["post-7","page","type-page","status-publish","hentry"],"_links":{"self":[{"href":"https:\/\/giaohn.vn\/index.php?rest_route=\/wp\/v2\/pages\/7","targetHints":{"allow":["GET"]}}],"collection":[{"href":"https:\/\/giaohn.vn\/index.php?rest_route=\/wp\/v2\/pages"}],"about":[{"href":"https:\/\/giaohn.vn\/index.php?rest_route=\/wp\/v2\/types\/page"}],"author":[{"embeddable":true,"href":"https:\/\/giaohn.vn\/index.php?rest_route=\/wp\/v2\/users\/1"}],"replies":[{"embeddable":true,"href":"https:\/\/giaohn.vn\/index.php?rest_route=%2Fwp%2Fv2%2Fcomments&post=7"}],"version-history":[{"count":1,"href":"https:\/\/giaohn.vn\/index.php?rest_route=\/wp\/v2\/pages\/7\/revisions"}],"predecessor-version":[{"id":8,"href":"https:\/\/giaohn.vn\/index.php?rest_route=\/wp\/v2\/pages\/7\/revisions\/8"}],"wp:attachment":[{"href":"https:\/\/giaohn.vn\/index.php?rest_route=%2Fwp%2Fv2%2Fmedia&parent=7"}],"curies":[{"name":"wp","href":"https:\/\/api.w.org\/{rel}","templated":true}]}}